{"id":2192,"date":"2022-04-02T06:08:28","date_gmt":"2022-04-02T11:08:28","guid":{"rendered":"https:\/\/www.lunabilisim.com.tr\/en\/?post_type=product&#038;p=2192"},"modified":"2022-08-12T03:43:50","modified_gmt":"2022-08-12T08:43:50","slug":"kart-laminatlari-ve-kaplamalari","status":"publish","type":"product","link":"https:\/\/www.lunabilisim.com.tr\/en\/urun\/kart-laminatlari-ve-kaplamalari\/","title":{"rendered":"Kart Laminatlar\u0131 ve Kaplamalar\u0131"},"content":{"rendered":"<p>http:\/\/lunabilisim.com.tr\/Documents\/card-security-en-us.pdf<\/p>\n","protected":false},"excerpt":{"rendered":"<p>G\u00fcvenlik, g\u00fcvenilirlik ve dayan\u0131kl\u0131l\u0131k sizin i\u00e7in \u00f6ncelikse, Zebra&#8217;n\u0131n True SecureTM kart kaplamalar\u0131 ve kart laminatlar\u0131n\u0131 tercih edin. Di\u011fer avantajlar \u015funlar\u0131 i\u00e7erir:<\/p>\n<p>\u00bb Kart sahtekarl\u0131\u011f\u0131, tahrifat\u0131 ve kopyalanmas\u0131n\u0131n \u00f6nlenmesi<br \/>\n\u00bb Solma, boya ta\u015f\u0131nmas\u0131 ve kullan\u0131m ile manyetik \u015ferit okuyuculardan s\u0131k ge\u00e7irme sonucu normal eskimeye kar\u015f\u0131 koruma<br \/>\n\u00bb \u00d6zelle\u015ftirilmi\u015f mevcut laminatlar a\u00e7\u0131k, gizli ve adli \u00f6zelliklerle sahiptir<\/p>\n","protected":false},"featured_media":2193,"template":"","meta":{"inline_featured_image":false},"product_cat":[102],"product_tag":[],"class_list":{"0":"post-2192","1":"product","2":"type-product","3":"status-publish","4":"has-post-thumbnail","6":"product_cat-card-laminates-and-coating","7":"pa_marka-zebra","9":"first","10":"instock","11":"shipping-taxable","12":"product-type-simple"},"acf":[],"aioseo_notices":[],"_links":{"self":[{"href":"https:\/\/www.lunabilisim.com.tr\/en\/wp-json\/wp\/v2\/product\/2192","targetHints":{"allow":["GET"]}}],"collection":[{"href":"https:\/\/www.lunabilisim.com.tr\/en\/wp-json\/wp\/v2\/product"}],"about":[{"href":"https:\/\/www.lunabilisim.com.tr\/en\/wp-json\/wp\/v2\/types\/product"}],"wp:featuredmedia":[{"embeddable":true,"href":"https:\/\/www.lunabilisim.com.tr\/en\/wp-json\/wp\/v2\/media\/2193"}],"wp:attachment":[{"href":"https:\/\/www.lunabilisim.com.tr\/en\/wp-json\/wp\/v2\/media?parent=2192"}],"wp:term":[{"taxonomy":"product_cat","embeddable":true,"href":"https:\/\/www.lunabilisim.com.tr\/en\/wp-json\/wp\/v2\/product_cat?post=2192"},{"taxonomy":"product_tag","embeddable":true,"href":"https:\/\/www.lunabilisim.com.tr\/en\/wp-json\/wp\/v2\/product_tag?post=2192"}],"curies":[{"name":"wp","href":"https:\/\/api.w.org\/{rel}","templated":true}]}}