{"id":2163,"date":"2022-04-02T05:26:20","date_gmt":"2022-04-02T10:26:20","guid":{"rendered":"https:\/\/www.lunabilisim.com.tr\/en\/?post_type=product&#038;p=2163"},"modified":"2022-10-06T10:27:00","modified_gmt":"2022-10-06T15:27:00","slug":"z-band-termal-bileklik-cozumleri","status":"publish","type":"product","link":"https:\/\/www.lunabilisim.com.tr\/en\/urun\/z-band-termal-bileklik-cozumleri\/","title":{"rendered":"Z-Band Termal Bileklik \u00c7\u00f6z\u00fcmleri"},"content":{"rendered":"<p>http:\/\/lunabilisim.com.tr\/Documents\/z-band-fun-splash-fact-sheet-en-us.pdf<\/p>\n","protected":false},"excerpt":{"rendered":"<p>With adhesive closures and seven color options, Z-Band Fun wristbands suit one-day events with minimal water exposure. Z-Band Splash wristbands are designed for multi-day duty and available in seven colors with water-resistant adhesive closures for excessive water exposure.<\/p>\n","protected":false},"featured_media":2164,"template":"","meta":{"inline_featured_image":false},"product_cat":[97],"product_tag":[],"class_list":{"0":"post-2163","1":"product","2":"type-product","3":"status-publish","4":"has-post-thumbnail","6":"product_cat-patient-bracelets","7":"pa_marka-zebra","9":"first","10":"instock","11":"shipping-taxable","12":"product-type-simple"},"acf":[],"aioseo_notices":[],"_links":{"self":[{"href":"https:\/\/www.lunabilisim.com.tr\/en\/wp-json\/wp\/v2\/product\/2163","targetHints":{"allow":["GET"]}}],"collection":[{"href":"https:\/\/www.lunabilisim.com.tr\/en\/wp-json\/wp\/v2\/product"}],"about":[{"href":"https:\/\/www.lunabilisim.com.tr\/en\/wp-json\/wp\/v2\/types\/product"}],"wp:featuredmedia":[{"embeddable":true,"href":"https:\/\/www.lunabilisim.com.tr\/en\/wp-json\/wp\/v2\/media\/2164"}],"wp:attachment":[{"href":"https:\/\/www.lunabilisim.com.tr\/en\/wp-json\/wp\/v2\/media?parent=2163"}],"wp:term":[{"taxonomy":"product_cat","embeddable":true,"href":"https:\/\/www.lunabilisim.com.tr\/en\/wp-json\/wp\/v2\/product_cat?post=2163"},{"taxonomy":"product_tag","embeddable":true,"href":"https:\/\/www.lunabilisim.com.tr\/en\/wp-json\/wp\/v2\/product_tag?post=2163"}],"curies":[{"name":"wp","href":"https:\/\/api.w.org\/{rel}","templated":true}]}}