{"id":2161,"date":"2022-04-02T05:21:51","date_gmt":"2022-04-02T10:21:51","guid":{"rendered":"https:\/\/www.lunabilisim.com.tr\/en\/?post_type=product&#038;p=2161"},"modified":"2022-08-12T03:42:28","modified_gmt":"2022-08-12T08:42:28","slug":"statband","status":"publish","type":"product","link":"https:\/\/www.lunabilisim.com.tr\/en\/urun\/statband\/","title":{"rendered":"StatBand"},"content":{"rendered":"<p>http:\/\/lunabilisim.com.tr\/Documents\/statband-emergency-wristbands-product-spec-sheet-en-us.pdf<\/p>\n","protected":false},"excerpt":{"rendered":"<p><strong>Acil Durum M\u00fcdahale ve Afet Y\u00f6netimi Bileklikleri<\/strong><\/p>\n<p>Acil m\u00fcdahale personelinin, acil durum olay yerindeki ki\u015fileri ve ki\u015fisel e\u015fyalar\u0131n\u0131, \u00f6zelle\u015ftirilebilir bir STATBand ile h\u0131zl\u0131 ve do\u011fru bir \u015fekilde tan\u0131mlama, kaydetme ve izlemesini sa\u011flay\u0131n. Zebra&#8217;n\u0131n dayan\u0131kl\u0131, nem ve a\u015f\u0131nmaya kar\u015f\u0131 diren\u00e7li tan\u0131mlama etiketleri, h\u0131zl\u0131 sabitleme i\u00e7in patentli bir tutturma sistemine sahiptir. Ayr\u0131ca, kolay uygulama i\u00e7in acil m\u00fcdahale ve afet y\u00f6netimi yaz\u0131l\u0131mlar\u0131yla uyumludurlar.<\/p>\n","protected":false},"featured_media":2159,"template":"","meta":{"inline_featured_image":false},"product_cat":[96],"product_tag":[],"class_list":{"0":"post-2161","1":"product","2":"type-product","3":"status-publish","4":"has-post-thumbnail","6":"product_cat-hospital-bracelet-and-patient-id-bracelets","7":"pa_marka-zebra","9":"first","10":"instock","11":"shipping-taxable","12":"product-type-simple"},"acf":[],"aioseo_notices":[],"_links":{"self":[{"href":"https:\/\/www.lunabilisim.com.tr\/en\/wp-json\/wp\/v2\/product\/2161","targetHints":{"allow":["GET"]}}],"collection":[{"href":"https:\/\/www.lunabilisim.com.tr\/en\/wp-json\/wp\/v2\/product"}],"about":[{"href":"https:\/\/www.lunabilisim.com.tr\/en\/wp-json\/wp\/v2\/types\/product"}],"wp:featuredmedia":[{"embeddable":true,"href":"https:\/\/www.lunabilisim.com.tr\/en\/wp-json\/wp\/v2\/media\/2159"}],"wp:attachment":[{"href":"https:\/\/www.lunabilisim.com.tr\/en\/wp-json\/wp\/v2\/media?parent=2161"}],"wp:term":[{"taxonomy":"product_cat","embeddable":true,"href":"https:\/\/www.lunabilisim.com.tr\/en\/wp-json\/wp\/v2\/product_cat?post=2161"},{"taxonomy":"product_tag","embeddable":true,"href":"https:\/\/www.lunabilisim.com.tr\/en\/wp-json\/wp\/v2\/product_tag?post=2161"}],"curies":[{"name":"wp","href":"https:\/\/api.w.org\/{rel}","templated":true}]}}