{"id":2157,"date":"2022-04-02T05:20:24","date_gmt":"2022-04-02T10:20:24","guid":{"rendered":"https:\/\/www.lunabilisim.com.tr\/en\/?post_type=product&#038;p=2157"},"modified":"2022-08-12T03:41:55","modified_gmt":"2022-08-12T08:41:55","slug":"omniband-bileklikler","status":"publish","type":"product","link":"https:\/\/www.lunabilisim.com.tr\/en\/urun\/omniband-bileklikler\/","title":{"rendered":"OmniBand Bileklikler"},"content":{"rendered":"<p>http:\/\/lunabilisim.com.tr\/Documents\/omniband-wristband-product-spec-sheet-en-us.pdf<\/p>\n","protected":false},"excerpt":{"rendered":"<p><strong>Barkod Etiketleri \u0130\u00e7in Kendinden Laminatl\u0131 Bileklik<\/strong><\/p>\n<p>\u015eu anda barkod etiketleri yazd\u0131rmakta olan sa\u011fl\u0131k hizmetleri sa\u011flay\u0131c\u0131lar\u0131, Zebra\u2019n\u0131n kendinden laminatl\u0131 OmniBand bilekli\u011fine bir barkod etiketi yerle\u015ftirerek barkodlu bileklikleri \u00e7abucak haz\u0131r hale getirebilmekte. Zebra\u2019n\u0131n hastane bilezikleri ve hasta kimlik bileklikleri portf\u00f6y\u00fc en dayan\u0131kl\u0131 ve kullan\u0131m\u0131 kolay, do\u011frudan yaz\u0131l\u0131m lazer ve termal bilekliklerden olu\u015fan geni\u015f bir yelpazeyi kapsar. \u00d6zellikler \u015funlar\u0131 i\u00e7erir:<\/p>\n<p>\u00bb Kendinden laminatl\u0131 tasar\u0131m, bas\u0131l\u0131 barkod ve yaz\u0131lar\u0131 korur.<br \/>\n\u00bb Tahrifatlar\u0131 belli eden, yap\u0131\u015fkanl\u0131 kapanma<br \/>\n\u00bb Bileklik uzat\u0131c\u0131, \u00e7e\u015fitli bilek kal\u0131nl\u0131klar\u0131na uyar<br \/>\n\u00bb Lateks i\u00e7ermez<\/p>\n","protected":false},"featured_media":2158,"template":"","meta":{"inline_featured_image":false},"product_cat":[96],"product_tag":[],"class_list":{"0":"post-2157","1":"product","2":"type-product","3":"status-publish","4":"has-post-thumbnail","6":"product_cat-hospital-bracelet-and-patient-id-bracelets","7":"pa_marka-zebra","9":"first","10":"instock","11":"shipping-taxable","12":"product-type-simple"},"acf":[],"aioseo_notices":[],"_links":{"self":[{"href":"https:\/\/www.lunabilisim.com.tr\/en\/wp-json\/wp\/v2\/product\/2157","targetHints":{"allow":["GET"]}}],"collection":[{"href":"https:\/\/www.lunabilisim.com.tr\/en\/wp-json\/wp\/v2\/product"}],"about":[{"href":"https:\/\/www.lunabilisim.com.tr\/en\/wp-json\/wp\/v2\/types\/product"}],"wp:featuredmedia":[{"embeddable":true,"href":"https:\/\/www.lunabilisim.com.tr\/en\/wp-json\/wp\/v2\/media\/2158"}],"wp:attachment":[{"href":"https:\/\/www.lunabilisim.com.tr\/en\/wp-json\/wp\/v2\/media?parent=2157"}],"wp:term":[{"taxonomy":"product_cat","embeddable":true,"href":"https:\/\/www.lunabilisim.com.tr\/en\/wp-json\/wp\/v2\/product_cat?post=2157"},{"taxonomy":"product_tag","embeddable":true,"href":"https:\/\/www.lunabilisim.com.tr\/en\/wp-json\/wp\/v2\/product_tag?post=2157"}],"curies":[{"name":"wp","href":"https:\/\/api.w.org\/{rel}","templated":true}]}}