{"id":2146,"date":"2022-04-02T04:48:15","date_gmt":"2022-04-02T09:48:15","guid":{"rendered":"https:\/\/www.lunabilisim.com.tr\/en\/?post_type=product&#038;p=2146"},"modified":"2022-08-12T03:43:21","modified_gmt":"2022-08-12T08:43:21","slug":"duratran-ii-floodcoated-thermal-transfer-paper-label-2","status":"publish","type":"product","link":"https:\/\/www.lunabilisim.com.tr\/en\/urun\/duratran-ii-floodcoated-thermal-transfer-paper-label-2\/","title":{"rendered":"Z-Band UltraSoft Bilezik"},"content":{"rendered":"<p>http:\/\/lunabilisim.com.tr\/Documents\/zband-ultrasoft-wristbands-fact-sheet-en-us.pdf<\/p>\n","protected":false},"excerpt":{"rendered":"<p>Piyasadaki en yumu\u015fak termal bilekliklerden biri, \u015fimdi daha fazla konfor i\u00e7in bilezik tasar\u0131m\u0131nda da mevcut.<\/p>\n","protected":false},"featured_media":2149,"template":"","meta":{"inline_featured_image":false},"product_cat":[96],"product_tag":[],"class_list":{"0":"post-2146","1":"product","2":"type-product","3":"status-publish","4":"has-post-thumbnail","6":"product_cat-hospital-bracelet-and-patient-id-bracelets","7":"pa_marka-zebra","9":"first","10":"instock","11":"shipping-taxable","12":"product-type-simple"},"acf":[],"aioseo_notices":[],"_links":{"self":[{"href":"https:\/\/www.lunabilisim.com.tr\/en\/wp-json\/wp\/v2\/product\/2146","targetHints":{"allow":["GET"]}}],"collection":[{"href":"https:\/\/www.lunabilisim.com.tr\/en\/wp-json\/wp\/v2\/product"}],"about":[{"href":"https:\/\/www.lunabilisim.com.tr\/en\/wp-json\/wp\/v2\/types\/product"}],"wp:featuredmedia":[{"embeddable":true,"href":"https:\/\/www.lunabilisim.com.tr\/en\/wp-json\/wp\/v2\/media\/2149"}],"wp:attachment":[{"href":"https:\/\/www.lunabilisim.com.tr\/en\/wp-json\/wp\/v2\/media?parent=2146"}],"wp:term":[{"taxonomy":"product_cat","embeddable":true,"href":"https:\/\/www.lunabilisim.com.tr\/en\/wp-json\/wp\/v2\/product_cat?post=2146"},{"taxonomy":"product_tag","embeddable":true,"href":"https:\/\/www.lunabilisim.com.tr\/en\/wp-json\/wp\/v2\/product_tag?post=2146"}],"curies":[{"name":"wp","href":"https:\/\/api.w.org\/{rel}","templated":true}]}}