{"id":2123,"date":"2022-04-02T04:21:18","date_gmt":"2022-04-02T09:21:18","guid":{"rendered":"https:\/\/www.lunabilisim.com.tr\/en\/?post_type=product&#038;p=2123"},"modified":"2022-08-12T03:37:36","modified_gmt":"2022-08-12T08:37:36","slug":"ozel-kagit-etiketler","status":"publish","type":"product","link":"https:\/\/www.lunabilisim.com.tr\/en\/urun\/ozel-kagit-etiketler\/","title":{"rendered":"\u00d6zel Ka\u011f\u0131t Etiketler"},"content":{"rendered":"","protected":false},"excerpt":{"rendered":"<div class=\"description woocommerce-product-details__short-description\">\n<p><strong>De\u011fi\u015fken Yap\u0131\u015fkan Fonksiyonelli\u011fi<\/strong><\/p>\n<p>Zorlu y\u00fczeylerin etiketlendirilmesinde (k\u0131vr\u0131ml\u0131, t\u0131rt\u0131kl\u0131 vs.) veya etiketin kolayca \u00e7\u0131kar\u0131lmas\u0131 veya de\u011fi\u015ftirilmesi gereken yerlerdeki belirli kullan\u0131m alanlar\u0131 i\u00e7in \u00f6zel yap\u0131\u015fkanl\u0131 ka\u011f\u0131t etiketler.<\/p>\n<\/div>\n","protected":false},"featured_media":2124,"template":"","meta":{"inline_featured_image":false},"product_cat":[95],"product_tag":[],"class_list":{"0":"post-2123","1":"product","2":"type-product","3":"status-publish","4":"has-post-thumbnail","6":"product_cat-tags","7":"pa_marka-zebra","9":"first","10":"instock","11":"shipping-taxable","12":"product-type-simple"},"acf":[],"aioseo_notices":[],"_links":{"self":[{"href":"https:\/\/www.lunabilisim.com.tr\/en\/wp-json\/wp\/v2\/product\/2123","targetHints":{"allow":["GET"]}}],"collection":[{"href":"https:\/\/www.lunabilisim.com.tr\/en\/wp-json\/wp\/v2\/product"}],"about":[{"href":"https:\/\/www.lunabilisim.com.tr\/en\/wp-json\/wp\/v2\/types\/product"}],"wp:featuredmedia":[{"embeddable":true,"href":"https:\/\/www.lunabilisim.com.tr\/en\/wp-json\/wp\/v2\/media\/2124"}],"wp:attachment":[{"href":"https:\/\/www.lunabilisim.com.tr\/en\/wp-json\/wp\/v2\/media?parent=2123"}],"wp:term":[{"taxonomy":"product_cat","embeddable":true,"href":"https:\/\/www.lunabilisim.com.tr\/en\/wp-json\/wp\/v2\/product_cat?post=2123"},{"taxonomy":"product_tag","embeddable":true,"href":"https:\/\/www.lunabilisim.com.tr\/en\/wp-json\/wp\/v2\/product_tag?post=2123"}],"curies":[{"name":"wp","href":"https:\/\/api.w.org\/{rel}","templated":true}]}}