{"id":2119,"date":"2022-04-02T04:09:22","date_gmt":"2022-04-02T09:09:22","guid":{"rendered":"https:\/\/www.lunabilisim.com.tr\/en\/?post_type=product&#038;p=2119"},"modified":"2022-08-12T03:36:59","modified_gmt":"2022-08-12T08:36:59","slug":"kagit-etiketler","status":"publish","type":"product","link":"https:\/\/www.lunabilisim.com.tr\/en\/urun\/kagit-etiketler\/","title":{"rendered":"Ka\u011f\u0131t Etiketler"},"content":{"rendered":"","protected":false},"excerpt":{"rendered":"<div class=\"description woocommerce-product-details__short-description\">\n<p><strong>G\u00fcnl\u00fck Uygulamalar<\/strong><\/p>\n<p>Ka\u011f\u0131t etiketler, kimyasallar veya a\u015f\u0131nmaya dayan\u0131kl\u0131 olmas\u0131 gerekmeyen \u00e7e\u015fitli uygulama gereksinimlerini kar\u015f\u0131lar. Teklifimize, \u00e7e\u015fitli performans derecelerine sahip do\u011frudan termal ve termal transfer etiketleri dahildir. Yenilik\u00e7i IQ Color etiketlerimiz, istek \u00fczerine renkli yazd\u0131rma yapman\u0131za izin verir.<\/p>\n<\/div>\n","protected":false},"featured_media":2121,"template":"","meta":{"inline_featured_image":false},"product_cat":[95],"product_tag":[],"class_list":{"0":"post-2119","1":"product","2":"type-product","3":"status-publish","4":"has-post-thumbnail","6":"product_cat-tags","7":"pa_marka-zebra","9":"first","10":"instock","11":"shipping-taxable","12":"product-type-simple"},"acf":[],"aioseo_notices":[],"_links":{"self":[{"href":"https:\/\/www.lunabilisim.com.tr\/en\/wp-json\/wp\/v2\/product\/2119","targetHints":{"allow":["GET"]}}],"collection":[{"href":"https:\/\/www.lunabilisim.com.tr\/en\/wp-json\/wp\/v2\/product"}],"about":[{"href":"https:\/\/www.lunabilisim.com.tr\/en\/wp-json\/wp\/v2\/types\/product"}],"wp:featuredmedia":[{"embeddable":true,"href":"https:\/\/www.lunabilisim.com.tr\/en\/wp-json\/wp\/v2\/media\/2121"}],"wp:attachment":[{"href":"https:\/\/www.lunabilisim.com.tr\/en\/wp-json\/wp\/v2\/media?parent=2119"}],"wp:term":[{"taxonomy":"product_cat","embeddable":true,"href":"https:\/\/www.lunabilisim.com.tr\/en\/wp-json\/wp\/v2\/product_cat?post=2119"},{"taxonomy":"product_tag","embeddable":true,"href":"https:\/\/www.lunabilisim.com.tr\/en\/wp-json\/wp\/v2\/product_tag?post=2119"}],"curies":[{"name":"wp","href":"https:\/\/api.w.org\/{rel}","templated":true}]}}