{"id":1978,"date":"2022-03-26T04:27:02","date_gmt":"2022-03-26T09:27:02","guid":{"rendered":"https:\/\/www.lunabilisim.com.tr\/en\/?post_type=product&#038;p=1978"},"modified":"2022-08-11T10:05:23","modified_gmt":"2022-08-11T15:05:23","slug":"ct40-xp-hc-enterprise-mobil-bilgisayar","status":"publish","type":"product","link":"https:\/\/www.lunabilisim.com.tr\/en\/urun\/ct40-xp-hc-enterprise-mobil-bilgisayar\/","title":{"rendered":"CT40 XP HC Enterprise Mobil Bilgisayar"},"content":{"rendered":"<p>http:\/\/lunabilisim.com.tr\/Documents\/sps-ppr-ct40-hc-healthcare-computer-data-sheet-en.pdf<\/p>\n","protected":false},"excerpt":{"rendered":"<p>Daha iyi teknoloji, sa\u011fl\u0131k hizmeti g\u00fcvenli\u011fini art\u0131r\u0131r. Hastaneler, hem sa\u011fl\u0131k \u00e7al\u0131\u015fanlar\u0131n\u0131n hem de hastalar\u0131n sa\u011fl\u0131k ve g\u00fcvenli\u011fini korumak i\u00e7in cihazlar\u0131n rutin temizli\u011fi ve dezenfeksiyonu i\u00e7in kat\u0131 protokoller kullan\u0131r. Dezenfektana haz\u0131r Honeywell CT40 XP HC mobil bilgisayar, cihaz\u0131n i\u015flevselli\u011fine zarar vermeden veya bundan \u00f6d\u00fcn vermeden sert dezenfektanlarla s\u0131k temizli\u011fi tolere eder.- Ara\u00e7lar\u0131m\u0131z, BT ekiplerinin uygulamalar\u0131 bir kez test etmesine ve do\u011frulamas\u0131na, da\u011f\u0131t\u0131mlar\u0131 h\u0131zland\u0131rmas\u0131na, cihaz performans\u0131n\u0131 optimize etmesine, bak\u0131m\u0131 basitle\u015ftirmesine ve \u00fcr\u00fcn ya\u015fam d\u00f6ng\u00fcs\u00fcn\u00fc uzat\u0131n.- Honeywell 7. Nesil tarama g\u00f6r\u00fcnt\u00fcleyici, 13 megapiksel, otomatik odakl\u0131 kamera ve 8 megapiksel \u00f6n kamera ile h\u0131zl\u0131, do\u011fru veri yakalama sa\u011flar.- FIPS 140-2 D\u00fczey 1 uyumlulu\u011fu, korumak i\u00e7in temel g\u00fcvenlik sa\u011flar hasta verileri. Ve cihaz yanl\u0131\u015f yerle\u015ftirilmi\u015fse, Hasta bileklikleri, \u015fi\u015feler, \u015f\u0131r\u0131ngalar ve serum torbalar\u0131 dahil olmak \u00fczere hastanede bulunan hemen hemen her ortamda 1D ve 2D barkodlar\u0131n h\u0131zl\u0131 ve do\u011fru bir \u015fekilde okunmas\u0131 i\u00e7in Honeywell N6700 7. nesil 2D g\u00f6r\u00fcnt\u00fcleyici ile donat\u0131lm\u0131\u015ft\u0131r. bak\u0131m. \u00d6rne\u011fin, bak\u0131c\u0131lar klinik sistemlere, hayati hasta verilerine ve ileti\u015fimlere kesintisiz eri\u015fim sa\u011flarken d\u00fc\u015f\u00fck pili de\u011fi\u015ftirebilir. CT40 XP HC ayr\u0131ca hem\u015fire \u00e7a\u011fr\u0131 sistemleriyle entegre olur ve bak\u0131c\u0131lar\u0131 ileti\u015fim halinde tutarken alarm yorgunlu\u011funu en aza indirmeye yard\u0131mc\u0131 olur. 8 megapiksel \u00f6n kamera, \u00f6zel bas-konu\u015f d\u00fc\u011fmesi, parlak 1920 x 1080 y\u00fcksek \u00e7\u00f6z\u00fcn\u00fcrl\u00fckl\u00fc ekran ve dezenfektana haz\u0131r ekran yuvas\u0131 ile sunulan CT40 XP HC cihaz\u0131, mobil klinikler ve telesa\u011fl\u0131k uygulamalar\u0131 i\u00e7in \u00f6nemli bir etkinle\u015ftiricidir. CT40 XP HC ayr\u0131ca hem\u015fire \u00e7a\u011fr\u0131 sistemleriyle entegre olur ve bak\u0131c\u0131lar\u0131 ileti\u015fim halinde tutarken alarm yorgunlu\u011funu en aza indirmeye yard\u0131mc\u0131 olur. 8 megapiksel \u00f6n kamera, \u00f6zel bas-konu\u015f d\u00fc\u011fmesi, parlak 1920 x 1080 y\u00fcksek \u00e7\u00f6z\u00fcn\u00fcrl\u00fckl\u00fc ekran ve dezenfektana haz\u0131r ekran yuvas\u0131 ile sunulan CT40 XP HC cihaz\u0131, mobil klinikler ve telesa\u011fl\u0131k uygulamalar\u0131 i\u00e7in \u00f6nemli bir etkinle\u015ftiricidir.<\/p>\n","protected":false},"featured_media":1984,"template":"","meta":{"inline_featured_image":false},"product_cat":[81],"product_tag":[],"class_list":{"0":"post-1978","1":"product","2":"type-product","3":"status-publish","4":"has-post-thumbnail","6":"product_cat-healthcare-mobile-computers","7":"pa_marka-honeywell","9":"first","10":"instock","11":"shipping-taxable","12":"product-type-simple"},"acf":[],"aioseo_notices":[],"_links":{"self":[{"href":"https:\/\/www.lunabilisim.com.tr\/en\/wp-json\/wp\/v2\/product\/1978","targetHints":{"allow":["GET"]}}],"collection":[{"href":"https:\/\/www.lunabilisim.com.tr\/en\/wp-json\/wp\/v2\/product"}],"about":[{"href":"https:\/\/www.lunabilisim.com.tr\/en\/wp-json\/wp\/v2\/types\/product"}],"wp:featuredmedia":[{"embeddable":true,"href":"https:\/\/www.lunabilisim.com.tr\/en\/wp-json\/wp\/v2\/media\/1984"}],"wp:attachment":[{"href":"https:\/\/www.lunabilisim.com.tr\/en\/wp-json\/wp\/v2\/media?parent=1978"}],"wp:term":[{"taxonomy":"product_cat","embeddable":true,"href":"https:\/\/www.lunabilisim.com.tr\/en\/wp-json\/wp\/v2\/product_cat?post=1978"},{"taxonomy":"product_tag","embeddable":true,"href":"https:\/\/www.lunabilisim.com.tr\/en\/wp-json\/wp\/v2\/product_tag?post=1978"}],"curies":[{"name":"wp","href":"https:\/\/api.w.org\/{rel}","templated":true}]}}