{"id":1943,"date":"2022-03-26T01:49:36","date_gmt":"2022-03-26T06:49:36","guid":{"rendered":"https:\/\/www.lunabilisim.com.tr\/en\/?post_type=product&#038;p=1943"},"modified":"2022-08-11T01:45:40","modified_gmt":"2022-08-11T06:45:40","slug":"dex-adapter","status":"publish","type":"product","link":"https:\/\/www.lunabilisim.com.tr\/en\/urun\/dex-adapter\/","title":{"rendered":"DEX Adapter"},"content":{"rendered":"<p>http:\/\/lunabilisim.com.tr\/Documents\/sps-ppr-dex-wireless-adapter-computer-accessory-data-sheet-en.pdf<\/p>\n","protected":false},"excerpt":{"rendered":"<div class=\"description woocommerce-product-details__short-description\">\n<p><strong>Birden \u00e7ok i\u015fletim sistemi desteklenir<\/strong><br \/>\n\u0130\u015fletmeler, Android 4.4 KitKat\u00ae ve sonraki s\u00fcr\u00fcmleri, Windows 10 ve iOS i\u00e7in esnek destekten yararlanabilir<\/p>\n<p><strong>H\u0131zl\u0131, kusursuz e\u015fle\u015ftirme<\/strong><br \/>\nMobil bilgisayarlara Bluetooth\u00ae 4.0 (Bluetooth Smart) ba\u011flant\u0131s\u0131. NFC ve barkod tarama e\u015fle\u015ftirmesi ile kurulumu kolayd\u0131r.<\/p>\n<p><strong>\u00dcr\u00fcn Detaylar\u0131<\/strong><br \/>\n\u00dccretsiz, bak\u0131m gerektirmeyen, uygun maliyetli kablosuz DEX adapt\u00f6r\u00fc: Honeywell DEX kablosuz adapt\u00f6r \u00e7\u00f6z\u00fcm\u00fc, perakendeci alma sistemleri ve otomat makineleri ile g\u00fcvenilir DEX ba\u011flant\u0131lar\u0131 sunar. Ve mevcut ve gelecekteki BLE \u00f6zellikli mobil bilgisayarlar\u0131 destekler.<br \/>\nAyr\u0131ca, DEX Kablosuz Adapt\u00f6r\u00fcn\u00fcn \u015farjs\u0131z tasar\u0131m\u0131, devam eden \u015farjla u\u011fra\u015fman\u0131za gerek kalmayaca\u011f\u0131 anlam\u0131na gelir. Sat\u0131n almak ve bak\u0131m\u0131n\u0131 yapmak i\u00e7in hi\u00e7bir \u015farj yoktur.<\/p>\n<p><strong>Ek DEX Kablosuz Adapt\u00f6r avantajlar\u0131:<\/strong><br \/>\nKolay ta\u015f\u0131ma ve kullan\u0131m i\u00e7in birlikte verilen karabina klipsli hafif tasar\u0131m<br \/>\nZorlu ortamlarda kullan\u0131m i\u00e7in sa\u011flam IP67 koruma s\u0131n\u0131f\u0131<br \/>\nNFC ve barkod tarama \u00e7iftine kullanarak h\u0131zl\u0131, kusursuz e\u015fle\u015ftirme<br \/>\nEsnek, dayan\u0131kl\u0131 DEX konekt\u00f6r kablosu en dar alanlarda bile ba\u011flant\u0131 sa\u011flar.<\/p>\n<\/div>\n","protected":false},"featured_media":1944,"template":"","meta":{"inline_featured_image":false},"product_cat":[53],"product_tag":[154],"class_list":{"0":"post-1943","1":"product","2":"type-product","3":"status-publish","4":"has-post-thumbnail","6":"product_cat-vehicle-mounted-computers","7":"product_tag-araca-monte-bilgisayarlar","8":"pa_marka-honeywell","10":"first","11":"instock","12":"shipping-taxable","13":"product-type-simple"},"acf":[],"aioseo_notices":[],"_links":{"self":[{"href":"https:\/\/www.lunabilisim.com.tr\/en\/wp-json\/wp\/v2\/product\/1943","targetHints":{"allow":["GET"]}}],"collection":[{"href":"https:\/\/www.lunabilisim.com.tr\/en\/wp-json\/wp\/v2\/product"}],"about":[{"href":"https:\/\/www.lunabilisim.com.tr\/en\/wp-json\/wp\/v2\/types\/product"}],"wp:featuredmedia":[{"embeddable":true,"href":"https:\/\/www.lunabilisim.com.tr\/en\/wp-json\/wp\/v2\/media\/1944"}],"wp:attachment":[{"href":"https:\/\/www.lunabilisim.com.tr\/en\/wp-json\/wp\/v2\/media?parent=1943"}],"wp:term":[{"taxonomy":"product_cat","embeddable":true,"href":"https:\/\/www.lunabilisim.com.tr\/en\/wp-json\/wp\/v2\/product_cat?post=1943"},{"taxonomy":"product_tag","embeddable":true,"href":"https:\/\/www.lunabilisim.com.tr\/en\/wp-json\/wp\/v2\/product_tag?post=1943"}],"curies":[{"name":"wp","href":"https:\/\/api.w.org\/{rel}","templated":true}]}}