{"id":1393,"date":"2022-03-03T05:24:19","date_gmt":"2022-03-03T10:24:19","guid":{"rendered":"http:\/\/www.lunabilisim.com.tr\/en\/?post_type=product&#038;p=1393"},"modified":"2022-08-31T02:00:36","modified_gmt":"2022-08-31T07:00:36","slug":"if2b","status":"publish","type":"product","link":"https:\/\/www.lunabilisim.com.tr\/en\/urun\/if2b\/","title":{"rendered":"IF2B"},"content":{"rendered":"<p>http:\/\/lunabilisim.com.tr\/Documents\/sps-ppr-if2b-rfid-fixed-reader-data-sheet-en.pdf<\/p>\n","protected":false},"excerpt":{"rendered":"<p>Kompakt, uygun maliyetli bir tasar\u0131mda geli\u015fmi\u015f RFID performans\u0131 elde edin. IF2B a\u011f okuyucusu, pasif UHF varl\u0131k takibi ve envanter y\u00f6netimi uygulamalar\u0131n\u0131n kurulum maliyetini d\u00fc\u015f\u00fcrerek size \u00fcst\u00fcn bir yat\u0131r\u0131m getirisi sa\u011flar. Karma\u015f\u0131k s\u00fcre\u00e7lere g\u00fc\u00e7l\u00fc otomasyon eklemek hi\u00e7 bu kadar kolay olmam\u0131\u015ft\u0131.<\/p>\n<p>\u00bb \u00dcst\u00fcn ROI i\u00e7in okuma noktas\u0131 ba\u015f\u0131na d\u00fc\u015f\u00fck maliyetle kompakt ve uygun maliyetli bir tasar\u0131mda geli\u015fmi\u015f performans. Ethernet \u00dczerinden G\u00fc\u00e7 se\u00e7imi, kurulum maliyetini d\u00fc\u015f\u00fcr\u00fcr.<br \/>\n\u00bb Geni\u015fletilmi\u015f bellek se\u00e7ene\u011fi, Java\u00ae:, Java Script veya C# .Net ile yaz\u0131lm\u0131\u015f uygulamalar\u0131 bar\u0131nd\u0131r\u0131r.<br \/>\n\u00bb FCC veya ETSI frekans bantlar\u0131n\u0131 destekleyen d\u00fcnya b\u00f6lgelerinde \u00e7al\u0131\u015fmak \u00fczere yap\u0131land\u0131r\u0131labilir fabrika.<br \/>\n\u00bb Ek ekipman olmadan \u00e7evre birimlerini do\u011frudan izler ve kontrol eder.<br \/>\n\u00bb Ortak a\u011f hizmet plan\u0131nda kolayca da\u011f\u0131t\u0131l\u0131r ve y\u00f6netilir.<\/p>\n","protected":false},"featured_media":1394,"template":"","meta":{"inline_featured_image":false},"product_cat":[63],"product_tag":[],"class_list":{"0":"post-1393","1":"product","2":"type-product","3":"status-publish","4":"has-post-thumbnail","6":"product_cat-fixed-rfid-readers-and-infrastructure","7":"pa_marka-honeywell","9":"first","10":"instock","11":"shipping-taxable","12":"product-type-simple"},"acf":[],"aioseo_notices":[],"_links":{"self":[{"href":"https:\/\/www.lunabilisim.com.tr\/en\/wp-json\/wp\/v2\/product\/1393","targetHints":{"allow":["GET"]}}],"collection":[{"href":"https:\/\/www.lunabilisim.com.tr\/en\/wp-json\/wp\/v2\/product"}],"about":[{"href":"https:\/\/www.lunabilisim.com.tr\/en\/wp-json\/wp\/v2\/types\/product"}],"wp:featuredmedia":[{"embeddable":true,"href":"https:\/\/www.lunabilisim.com.tr\/en\/wp-json\/wp\/v2\/media\/1394"}],"wp:attachment":[{"href":"https:\/\/www.lunabilisim.com.tr\/en\/wp-json\/wp\/v2\/media?parent=1393"}],"wp:term":[{"taxonomy":"product_cat","embeddable":true,"href":"https:\/\/www.lunabilisim.com.tr\/en\/wp-json\/wp\/v2\/product_cat?post=1393"},{"taxonomy":"product_tag","embeddable":true,"href":"https:\/\/www.lunabilisim.com.tr\/en\/wp-json\/wp\/v2\/product_tag?post=1393"}],"curies":[{"name":"wp","href":"https:\/\/api.w.org\/{rel}","templated":true}]}}