{"id":1317,"date":"2022-03-03T02:19:33","date_gmt":"2022-03-03T07:19:33","guid":{"rendered":"http:\/\/www.lunabilisim.com.tr\/en\/?post_type=product&#038;p=1317"},"modified":"2022-08-11T04:08:37","modified_gmt":"2022-08-11T09:08:37","slug":"ck75","status":"publish","type":"product","link":"https:\/\/www.lunabilisim.com.tr\/en\/urun\/ck75\/","title":{"rendered":"CK75"},"content":{"rendered":"<p>http:\/\/lunabilisim.com.tr\/Documents\/ck75-data-sheet-en.pdf<\/p>\n","protected":false},"excerpt":{"rendered":"<p>Honeywell, CK75 Ultra Rugged El Terminali size ger\u00e7ekten risksiz bir \u00e7\u00f6z\u00fcm sunar. S\u0131n\u0131f\u0131ndaki di\u011fer t\u00fcm form fakt\u00f6rlerinden% 31 daha k\u00fc\u00e7\u00fck ve daha hafif olman\u0131n yan\u0131 s\u0131ra, CK75 mobil bilgisayar, m\u00fckemmel dayan\u0131kl\u0131l\u0131k ve \u00e7al\u0131\u015fma d\u00f6ng\u00fcs\u00fc ile birlikte depo ve da\u011f\u0131t\u0131m ortamlar\u0131 i\u00e7in optimize edilmi\u015ftir. En zorlu ko\u015fullarda bile esneklik ve \u00e7eviklik sa\u011flamaya odaklan\u0131n. CK75 mobil bilgisayar\u0131n kullan\u0131m\u0131n\u0131, so\u011fuk depo ve dondurucu ortamlar\u0131na uygun olan, \u0131s\u0131t\u0131c\u0131 opsiyonuyla uzat\u0131rs\u0131n\u0131z.<\/p>\n","protected":false},"featured_media":1318,"template":"","meta":{"inline_featured_image":false},"product_cat":[78],"product_tag":[],"class_list":{"0":"post-1317","1":"product","2":"type-product","3":"status-publish","4":"has-post-thumbnail","6":"product_cat-handheld-computers","7":"pa_marka-honeywell","9":"first","10":"instock","11":"shipping-taxable","12":"product-type-simple"},"acf":[],"aioseo_notices":[],"_links":{"self":[{"href":"https:\/\/www.lunabilisim.com.tr\/en\/wp-json\/wp\/v2\/product\/1317","targetHints":{"allow":["GET"]}}],"collection":[{"href":"https:\/\/www.lunabilisim.com.tr\/en\/wp-json\/wp\/v2\/product"}],"about":[{"href":"https:\/\/www.lunabilisim.com.tr\/en\/wp-json\/wp\/v2\/types\/product"}],"wp:featuredmedia":[{"embeddable":true,"href":"https:\/\/www.lunabilisim.com.tr\/en\/wp-json\/wp\/v2\/media\/1318"}],"wp:attachment":[{"href":"https:\/\/www.lunabilisim.com.tr\/en\/wp-json\/wp\/v2\/media?parent=1317"}],"wp:term":[{"taxonomy":"product_cat","embeddable":true,"href":"https:\/\/www.lunabilisim.com.tr\/en\/wp-json\/wp\/v2\/product_cat?post=1317"},{"taxonomy":"product_tag","embeddable":true,"href":"https:\/\/www.lunabilisim.com.tr\/en\/wp-json\/wp\/v2\/product_tag?post=1317"}],"curies":[{"name":"wp","href":"https:\/\/api.w.org\/{rel}","templated":true}]}}